{"id":500,"date":"2014-04-15T10:46:17","date_gmt":"2014-04-15T10:46:17","guid":{"rendered":"http:\/\/fotosnet.de\/?page_id=500"},"modified":"2019-10-20T16:53:54","modified_gmt":"2019-10-20T14:53:54","slug":"ueber-den-fotorgafen","status":"publish","type":"page","link":"https:\/\/fotosnet.de\/?page_id=500","title":{"rendered":"Vom Fotografen"},"content":{"rendered":"<p>Die Bilder sind mit unterschiedlichen digitalen Kameras gemacht.<br \/>\nVon der Smartphone Kamera, \u00fcber Kleinbildkameras, bis hin zur Spiegelreflex Kamera ist alles dabei.<br \/>\nCanon EOS 6D, Canon EOS 550, Canon EOS 350, Olympus C4040, Olympus XZ1, Sony QX 10, Sony Alpha 7II, IPhone 7, IPhone 4S.<\/p>\n<p><img loading=\"lazy\" decoding=\"async\" class=\"aligncenter size-medium wp-image-1123\" alt=\"image\" src=\"http:\/\/fotosnet.de\/wp-content\/uploads\/2014\/04\/image69-300x225.jpg\" width=\"300\" height=\"225\" srcset=\"https:\/\/fotosnet.de\/wp-content\/uploads\/2014\/04\/image69-300x225.jpg 300w, https:\/\/fotosnet.de\/wp-content\/uploads\/2014\/04\/image69-1024x768.jpg 1024w, https:\/\/fotosnet.de\/wp-content\/uploads\/2014\/04\/image69.jpg 1280w\" sizes=\"auto, (max-width: 300px) 100vw, 300px\" \/><\/p>\n<p>Mit der digitalen Technik bieten sich dem Hobbyfotografen viel mehr M\u00f6glichkeit.<\/p>\n<p>Adobe Photoshop Express<br \/>\nDie Bilder sind auf dem Tablet mit der Adobe Photoshop Express App nachbearbeitet. Der gro\u00dfe Vorteil gegen\u00fcber einem Bildbearbeitungsprogramm wie Photoshop CS ist, man muss kein Systemadministrator sein um die App bedienen zu k\u00f6nnen.<br \/>\nDie App ist intuitive bedienbar. Durch die anwendbaren Vorlagen bekommt man schnell ein Ergebnis. Eine detaillierte Bearbeitung ist mit weiteren Funktionen wie Kontrast, Helligkeit, Temperatur, Vitalit\u00e4t und mehr \u00fcber Schieberegler ver\u00e4nderbar.<\/p>\n<p><img loading=\"lazy\" decoding=\"async\" class=\"aligncenter size-full wp-image-1118\" alt=\"image\" src=\"http:\/\/fotosnet.de\/wp-content\/uploads\/2014\/04\/image65.jpg\" width=\"1019\" height=\"743\" srcset=\"https:\/\/fotosnet.de\/wp-content\/uploads\/2014\/04\/image65.jpg 1019w, https:\/\/fotosnet.de\/wp-content\/uploads\/2014\/04\/image65-300x218.jpg 300w\" sizes=\"auto, (max-width: 1019px) 100vw, 1019px\" \/><\/p>\n<p>Pixelmator<br \/>\nWer noch mehr Ver\u00e4nderung an den Bidern vornehmen will, dem empfiehlt sich Pixelmator, mit vielen weiterer Funktionen. Diese App geht \u00fcber die einfache Bearbeitung hinaus. Ist auch sehr empfehlenswert. <\/p>\n<p><img loading=\"lazy\" decoding=\"async\" src=\"http:\/\/fotosnet.de\/wp-content\/uploads\/2014\/04\/image102-1024x768.jpg\" alt=\"image\" width=\"720\" height=\"540\" class=\"aligncenter size-large wp-image-4671\" \/><\/p>\n<p>Adobe Lightroom App<br \/>\nEin weitere sehr zu empfehlende App ist Lightroom, eher bekannt als Desktop Programm. Eine gute App zum verwalten und bearbeiten der eigenen Fotos. Die App kann kostenfrei heruntergeladen werden. Mit ihr lassen sich die Fotos auf noch einer h\u00f6heren Ebene bearbeiten, als in Pixelmator. Wer will kann auch die Cloud von Adobe nutzen. Hier wird aber ein monatliche Geb\u00fchr f\u00e4llig.<\/p>\n<p><img loading=\"lazy\" decoding=\"async\" src=\"http:\/\/fotosnet.de\/wp-content\/uploads\/2014\/04\/image-2048x1536.png\" alt=\"image\" width=\"2048\" height=\"1536\" class=\"aligncenter size-large wp-image-6295\" srcset=\"https:\/\/fotosnet.de\/wp-content\/uploads\/2014\/04\/image.png 2048w, https:\/\/fotosnet.de\/wp-content\/uploads\/2014\/04\/image-300x225.png 300w\" sizes=\"auto, (max-width: 2048px) 100vw, 2048px\" \/><\/p>\n<p>Es muss nicht alles super scharf oder hochaufl\u00f6send sein, um ein gutes Foto zu werden.<\/p>\n<p>Wer nicht zuviel Zeit in die Entwicklung einer Hompage stecken will, f\u00fcr den ist WordPress das richtige Werkzeug,\u00a0um mit relativ einfachen Mitteln eine Homepage zu gestalten. Durch den Zugriff auf hunderte von Volagen kann man, den f\u00fcr sich am Besten geeigneten Rahmen f\u00fcr eine Homepage aussuchen. Dann brauch man die Vorlage nur noch mit Inhalt f\u00fcllen. Ein weiterer Vorteil von WordPress ist der Zugriff \u00fcber das Internet. Die Software wird in dem Webspace der Domain installiert und ist somit von \u00fcberall \u00fcber einen Browser erreichbar.<\/p>\n<p><img loading=\"lazy\" decoding=\"async\" class=\"aligncenter size-full wp-image-1119\" alt=\"image\" src=\"http:\/\/fotosnet.de\/wp-content\/uploads\/2014\/04\/image66.jpg\" width=\"1024\" height=\"512\" srcset=\"https:\/\/fotosnet.de\/wp-content\/uploads\/2014\/04\/image66.jpg 1024w, https:\/\/fotosnet.de\/wp-content\/uploads\/2014\/04\/image66-300x150.jpg 300w\" sizes=\"auto, (max-width: 1024px) 100vw, 1024px\" \/><\/p>\n<p><img loading=\"lazy\" decoding=\"async\" class=\"aligncenter size-full wp-image-1120\" alt=\"image\" src=\"http:\/\/fotosnet.de\/wp-content\/uploads\/2014\/04\/image67.jpg\" width=\"1024\" height=\"585\" srcset=\"https:\/\/fotosnet.de\/wp-content\/uploads\/2014\/04\/image67.jpg 1024w, https:\/\/fotosnet.de\/wp-content\/uploads\/2014\/04\/image67-300x171.jpg 300w\" sizes=\"auto, (max-width: 1024px) 100vw, 1024px\" \/><\/p>\n<p>Eine Domain ist Vorraussetzung f\u00fcr eine eigene Homepage. Etwas IT Erfahrung sollte man mitbringen, oder Jemand wissen der sich damit auskennt. Es gibt verschiedene Domain Hostanbieter im Netz. Einer der bekanntesten Domainanbieter im deutschen Raum ist STRATO. Sie bieten verschiedene Paket an, aus denen man das f\u00fcr sich passende Paket heraussuchen kann. Ein weiterer Vorteil bei Strato ist, das im Paket schon WordPress oder auch Typhon enthalten ist. Man kann die notwendigen Installationen direkt \u00fcber den Kundenbereich des Domainzugang von Strato vornehmen und danach mit der Gestaltung loslegen.<\/p>\n<p><img loading=\"lazy\" decoding=\"async\" class=\"aligncenter size-medium wp-image-1121\" alt=\"image\" src=\"http:\/\/fotosnet.de\/wp-content\/uploads\/2014\/04\/image68-300x196.jpg\" width=\"300\" height=\"196\" srcset=\"https:\/\/fotosnet.de\/wp-content\/uploads\/2014\/04\/image68-300x196.jpg 300w, https:\/\/fotosnet.de\/wp-content\/uploads\/2014\/04\/image68.jpg 1024w\" sizes=\"auto, (max-width: 300px) 100vw, 300px\" \/><\/p>\n","protected":false},"excerpt":{"rendered":"<p>Die Bilder sind mit unterschiedlichen digitalen Kameras gemacht. Von der Smartphone Kamera, \u00fcber Kleinbildkameras, bis&#46;&#46;&#46;<\/p>\n","protected":false},"author":1,"featured_media":0,"parent":0,"menu_order":0,"comment_status":"open","ping_status":"open","template":"","meta":{"footnotes":""},"class_list":["post-500","page","type-page","status-publish","hentry"],"_links":{"self":[{"href":"https:\/\/fotosnet.de\/index.php?rest_route=\/wp\/v2\/pages\/500","targetHints":{"allow":["GET"]}}],"collection":[{"href":"https:\/\/fotosnet.de\/index.php?rest_route=\/wp\/v2\/pages"}],"about":[{"href":"https:\/\/fotosnet.de\/index.php?rest_route=\/wp\/v2\/types\/page"}],"author":[{"embeddable":true,"href":"https:\/\/fotosnet.de\/index.php?rest_route=\/wp\/v2\/users\/1"}],"replies":[{"embeddable":true,"href":"https:\/\/fotosnet.de\/index.php?rest_route=%2Fwp%2Fv2%2Fcomments&post=500"}],"version-history":[{"count":36,"href":"https:\/\/fotosnet.de\/index.php?rest_route=\/wp\/v2\/pages\/500\/revisions"}],"predecessor-version":[{"id":10276,"href":"https:\/\/fotosnet.de\/index.php?rest_route=\/wp\/v2\/pages\/500\/revisions\/10276"}],"wp:attachment":[{"href":"https:\/\/fotosnet.de\/index.php?rest_route=%2Fwp%2Fv2%2Fmedia&parent=500"}],"curies":[{"name":"wp","href":"https:\/\/api.w.org\/{rel}","templated":true}]}}